{"id":17515,"date":"2025-10-15T09:26:19","date_gmt":"2025-10-15T09:26:19","guid":{"rendered":"https:\/\/esteling.com\/aviso-legal-2\/"},"modified":"2025-10-15T09:26:19","modified_gmt":"2025-10-15T09:26:19","slug":"aviso-legal-2","status":"publish","type":"page","link":"https:\/\/esteling.com\/mx\/aviso-legal-2\/","title":{"rendered":"Aviso legal"},"content":{"rendered":"\t\t<div data-elementor-type=\"wp-post\" data-elementor-id=\"17515\" class=\"elementor elementor-17515 elementor-6724\" data-elementor-post-type=\"page\">\n\t\t\t\t\t\t<section class=\"elementor-section elementor-top-section elementor-element elementor-element-efc85a3 elementor-section-height-min-height elementor-section-boxed elementor-section-height-default elementor-section-items-middle\" data-id=\"efc85a3\" data-element_type=\"section\" data-settings=\"{&quot;background_background&quot;:&quot;classic&quot;}\">\n\t\t\t\t\t\t\t<div class=\"elementor-background-overlay\"><\/div>\n\t\t\t\t\t\t\t<div class=\"elementor-container elementor-column-gap-no\">\n\t\t\t\t\t<div class=\"elementor-column elementor-col-100 elementor-top-column elementor-element elementor-element-08ac1b0\" data-id=\"08ac1b0\" data-element_type=\"column\">\n\t\t\t<div class=\"elementor-widget-wrap elementor-element-populated\">\n\t\t\t\t\t\t<div class=\"elementor-element elementor-element-01103b9 elementor-widget elementor-widget-heading\" data-id=\"01103b9\" data-element_type=\"widget\" data-widget_type=\"heading.default\">\n\t\t\t\t<div class=\"elementor-widget-container\">\n\t\t\t\t\t<h1 class=\"elementor-heading-title elementor-size-default\">Aviso legal<\/h1>\t\t\t\t<\/div>\n\t\t\t\t<\/div>\n\t\t\t\t\t<\/div>\n\t\t<\/div>\n\t\t\t\t\t<\/div>\n\t\t<\/section>\n\t\t\t\t<section class=\"elementor-section elementor-top-section elementor-element elementor-element-3bb08fa elementor-section-full_width elementor-section-height-default elementor-section-height-default\" data-id=\"3bb08fa\" data-element_type=\"section\">\n\t\t\t\t\t\t<div class=\"elementor-container elementor-column-gap-no\">\n\t\t\t\t\t<div class=\"elementor-column elementor-col-100 elementor-top-column elementor-element elementor-element-07197b8\" data-id=\"07197b8\" data-element_type=\"column\">\n\t\t\t<div class=\"elementor-widget-wrap elementor-element-populated\">\n\t\t\t\t\t\t<div class=\"elementor-element elementor-element-8f696d6 elementor-widget__width-inherit elementor-absolute elementor-widget elementor-widget-spacer\" data-id=\"8f696d6\" data-element_type=\"widget\" data-settings=\"{&quot;_position&quot;:&quot;absolute&quot;}\" data-widget_type=\"spacer.default\">\n\t\t\t\t<div class=\"elementor-widget-container\">\n\t\t\t\t\t\t\t<div class=\"elementor-spacer\">\n\t\t\t<div class=\"elementor-spacer-inner\"><\/div>\n\t\t<\/div>\n\t\t\t\t\t\t<\/div>\n\t\t\t\t<\/div>\n\t\t\t\t\t<\/div>\n\t\t<\/div>\n\t\t\t\t\t<\/div>\n\t\t<\/section>\n\t\t\t\t<section class=\"elementor-section elementor-top-section elementor-element elementor-element-ad23963 elementor-section-boxed elementor-section-height-default elementor-section-height-default\" data-id=\"ad23963\" data-element_type=\"section\">\n\t\t\t\t\t\t<div class=\"elementor-container elementor-column-gap-default\">\n\t\t\t\t\t<div class=\"elementor-column elementor-col-100 elementor-top-column elementor-element elementor-element-dfcf4a2\" data-id=\"dfcf4a2\" data-element_type=\"column\">\n\t\t\t<div class=\"elementor-widget-wrap elementor-element-populated\">\n\t\t\t\t\t\t<div class=\"elementor-element elementor-element-4873244 elementor-widget elementor-widget-heading\" data-id=\"4873244\" data-element_type=\"widget\" data-widget_type=\"heading.default\">\n\t\t\t\t<div class=\"elementor-widget-container\">\n\t\t\t\t\t<h2 class=\"elementor-heading-title elementor-size-default\">NOTA LEGAL Y CONDICIONES DE USO DE LA WEB<\/h2>\t\t\t\t<\/div>\n\t\t\t\t<\/div>\n\t\t\t\t<div class=\"elementor-element elementor-element-6569906 elementor-widget elementor-widget-text-editor\" data-id=\"6569906\" data-element_type=\"widget\" data-widget_type=\"text-editor.default\">\n\t\t\t\t<div class=\"elementor-widget-container\">\n\t\t\t\t\t\t\t\t\t<p class=\"p1\"><span class=\"s1\">NOTA LEGAL Y CONDICIONES DE USO DE LA WEB<\/span><\/p>\n<p class=\"p3\"><span class=\"s1\">El acceso a la web www.esteling.com atribuye la condici\u00f3n de USUARIO e implica la aceptaci\u00f3n plena y sin reserva, desde dicho acceso y\/o uso, de la presente nota legal y de la pol\u00edtica de privacidad en su \u00faltima versi\u00f3n. Por ello, aconsejamos que proceda a la lectura de estos documentos, antes de utilizar las funcionalidades ofrecidas por este sitio Web, as\u00ed como cada vez que acceda a \u00e9l, ya que nos reservamos el derecho de cambiar, modificar, a\u00f1adir o eliminar en cualquier momento parte de estas condiciones.<\/span><\/p>\n<p class=\"p3\"><span class=\"s1\">El mero acceso a esta Web no supone en ning\u00fan caso la existencia de una relaci\u00f3n comercial entre el usuario y la web. <\/span><\/p>\n<p class=\"p3\"><span class=\"s1\">I. TITULAR DE LA WEB<\/span><\/p>\n<p class=\"p3\"><span class=\"s1\">A los efectos de lo previsto por el Art. 10 de la Ley 34\/ 2002, de 11 de julio, de Servicios de la Sociedad de la Informaci\u00f3n y de Comercio Electr\u00f3nico, se proporciona la siguiente informaci\u00f3n sobre la titular de esta Web:<\/span><\/p>\n<ul class=\"ul1\">\n<li class=\"li3\"><span class=\"s1\">Titular de la Web: ESTEL INGENIERIA Y OBRAS, S.A. (en adelante, ESTEL)<\/span><\/li>\n<li class=\"li3\"><span class=\"s1\">Domicilio social: C\/ Ada Byron, S\/N, Ed. Estel, 07121 Palma de Mallorca, Illes Balears<\/span><\/li>\n<li class=\"li3\"><span class=\"s1\">C.I.F. A-07-736689<\/span><\/li>\n<li class=\"li3\"><span class=\"s1\">Datos registrales: inscrita en el registro Mercantil de Mallorca, Tomo 1.743, Folio 223, Secci\u00f3n 8\u00aa, Hoja PM-21.783, Inscripci\u00f3n 18\u00aa<\/span><\/li>\n<\/ul>\n<p class=\"p3\"><span class=\"s1\">Adem\u00e1s del domicilio social, se pone a disposici\u00f3n de los usuarios los siguientes canales para dirigir sus peticiones, cuestiones o reclamaciones:<\/span><\/p>\n<ul class=\"ul1\">\n<li class=\"li4\"><span class=\"s1\">Formulario de contacto de la web<\/span><\/li>\n<li class=\"li4\"><span class=\"s1\">Tel\u00e9fono: (+34) 971 435 090<\/span><\/li>\n<li class=\"li4\"><span class=\"s1\">Correo electr\u00f3nico:<span class=\"Apple-converted-space\">\u00a0 <\/span>estel@esteling.com<\/span><\/li>\n<\/ul>\n<p class=\"p3\"><span class=\"s1\">II. CONDICIONES DE USO<\/span><\/p>\n<p class=\"p5\"><span class=\"s1\">1. Introducci\u00f3n. ESTEL ofrece en esta web informaci\u00f3n acerca de servicios relativos a la actividad de ingenier\u00eda e instalaciones integrales. Accediendo y utilizando esta web, usted acuerda obligarse a las condiciones que a continuaci\u00f3n se exponen, por lo que se le recomienda que lea cuidadosamente esta secci\u00f3n antes de iniciar su navegaci\u00f3n. <\/span><\/p>\n<p class=\"p5\"><span class=\"s1\">2. Obligaciones de los Usuarios. Los Usuarios se comprometen a utilizar esta Web de forma l\u00edcita, de acuerdo con lo dispuesto en las presentes condiciones y de forma que no produzcan un perjuicio en los derechos o intereses de ESTEL o de terceros. A t\u00edtulo enunciativo y en ning\u00fan caso limitativo o excluyente, el Usuario se compromete igualmente a:<\/span><\/p>\n<ul class=\"ul1\">\n<li class=\"li3\"><span class=\"s1\">No incurrir en actividades ilegales o contrarias al orden p\u00fablico o a la buena fe;<\/span><\/li>\n<li class=\"li3\"><span class=\"s1\">No intentar acceder, modificar, manipular y, en su caso, utilizar las cuentas de otros Usuarios; <\/span><\/li>\n<li class=\"li3\"><span class=\"s1\">No utilizar los datos publicados en la Web para el env\u00edo de comunicaciones no solicitadas (spam).<\/span><\/li>\n<li class=\"li3\"><span class=\"s1\">No introducir o difundir en la web informaci\u00f3n o contenidos falsos, enga\u00f1osos, ambiguos o inexactos de forma que induzcan a error a los receptores de la informaci\u00f3n, ni tampoco difundir contenidos de car\u00e1cter racista, xen\u00f3fobo, pornogr\u00e1fico, de apolog\u00eda del terrorismo o atentatorio contra los derechos humanos o de los menores;<\/span><\/li>\n<li class=\"li3\"><span class=\"s1\">No realizar acciones que supongan o conlleven una violaci\u00f3n de los derechos de propiedad intelectual ESTEL o de terceros;<\/span><\/li>\n<li class=\"li3\"><span class=\"s1\">No provocar da\u00f1os en los sistemas f\u00edsicos y l\u00f3gicos de ESTEL, de sus proveedores o de terceras personas;<\/span><\/li>\n<li class=\"li3\"><span class=\"s1\">No introducir o difundir en la red virus inform\u00e1ticos o utilizar cualesquiera otros sistemas f\u00edsicos o l\u00f3gicos que sean susceptibles de provocar los da\u00f1os anteriormente mencionados.<\/span><\/li>\n<li class=\"li5\"><span class=\"s1\">No suprimir, alterar, eludir o manipular cualquier dispositivo de protecci\u00f3n o sistema de seguridad que estuviera instalado en las p\u00e1ginas de esta Web<\/span><\/li>\n<\/ul>\n<p class=\"p5\"><span class=\"s1\">3. Exclusi\u00f3n de responsabilidad. Esta Web se proporciona \u201ctal como est\u00e1\u201d y su uso se realiza bajo el propio riesgo del Usuario, por lo que, ni ESTEL, ni sus administradores, trabajadores, proveedores o colaboradores ser\u00e1n responsables por los da\u00f1os, de cualquier naturaleza, directos o no, que deriven del uso de la Web, excluyendo expresamente ESTEL, en toda la medida prevista por la Ley, cualquier tipo de garant\u00edas, ya sean expresas o impl\u00edcitas.<\/span><\/p>\n<p class=\"p5\"><span class=\"s1\">ESTEL no garantiza la disponibilidad y accesibilidad de la Web, si bien realizar\u00e1 todos los esfuerzos que sean razonables en este sentido. En ocasiones, podr\u00e1n producirse interrupciones por el tiempo que resulte necesario para la realizaci\u00f3n de las correspondientes operaciones de mantenimiento.<\/span><\/p>\n<p class=\"p5\"><span class=\"s1\">ESTEL no se responsabiliza de posibles da\u00f1os derivados de interferencias, interrupciones, virus inform\u00e1ticos, aver\u00edas telef\u00f3nicas o desconexiones telef\u00f3nicas motivadas por causas ajenas a la citada entidad; de retrasos o bloqueos en el uso del presente sistema electr\u00f3nico causados por deficiencias o sobrecargas en el centro procesador de datos, de l\u00edneas telef\u00f3nicas, en el sistema de Internet o en otros sistemas el\u00e9ctricos; ni tampoco de cualquier otra alteraci\u00f3n que se pueda producir en el Software o Hardware de los Usuarios. Tampoco garantiza la ausencia de virus, malwares, troyanos u otros elementos que puedan producir alteraciones en el sistema inform\u00e1tico, documentos o ficheros del Usuario, excluyendo cualquier responsabilidad por los da\u00f1os de cualquier clase causados al Usuario por este motivo. De igual manera, ESTEL no responder\u00e1 por los da\u00f1os causados por terceras personas mediante intromisiones ileg\u00edtimas fuera de su control. <\/span><\/p>\n<p class=\"p5\"><span class=\"s1\">Tampoco responder\u00e1 de los da\u00f1os y perjuicios causados por el uso o mala utilizaci\u00f3n de los contenidos de la Web, ni por las consecuencias que pudieran derivarse de los errores, defectos u omisiones en los contenidos que pudieran aparecer en esta Web proporcionados por los propios Usuarios u otros terceros. ESTEL no asume obligaci\u00f3n ni responsabilidad alguna respecto de aquellos servicios que no preste directamente.<\/span><\/p>\n<p class=\"p5\"><span class=\"s1\">4. Enlaces externos. En ning\u00fan caso ESTEL asumir\u00e1 responsabilidad alguna por los contenidos de los enlaces pertenecientes a un sitio web ajeno, ni garantizar\u00e1 la disponibilidad t\u00e9cnica, calidad, fiabilidad, exactitud, amplitud, veracidad, validez y legalidad de cualquier material o informaci\u00f3n contenida en ninguno de dichos hiperv\u00ednculos u otros sitios de Internet. Igualmente, la inclusi\u00f3n de estas conexiones externas no implicar\u00e1 ning\u00fan tipo de asociaci\u00f3n, fusi\u00f3n o participaci\u00f3n con las entidades conectadas. <\/span><\/p>\n<p class=\"p5\"><span class=\"s1\">5. Contrase\u00f1as. Las contrase\u00f1as para acceder a las cuentas de Usuarios registrados son personales, confidenciales e intransferibles. Los Usuarios registrados son los \u00fanicos responsables de mantener la confidencialidad y seguridad de su cuenta, asumiendo estos de forma exclusiva las consecuencias de cualquier \u00edndole respecto a las actividades que se realicen mediante la misma. Los Usuarios se comprometen a notificar inmediatamente a ESTEL cualquier vulneraci\u00f3n de la seguridad de su cuenta.<\/span><\/p>\n<p class=\"p6\"><span class=\"s1\">6. Denegaci\u00f3n de acceso y cancelaci\u00f3n de las cuentas. ESTEL se reserva el derecho de denegar el acceso a la Web, as\u00ed como a suspender o cancelar las cuentas a aquellos Usuarios que incumplan las presentes condiciones; en caso de problemas t\u00e9cnicos o de seguridad imprevistos; de inactividad de la cuenta durante un tiempo significativo; o en cumplimiento de un requerimiento y\/o de una orden policial, judicial o administrativa.<\/span><\/p>\n<p class=\"p5\"><span class=\"s1\">Dicha cancelaci\u00f3n o suspensi\u00f3n se realizar\u00e1 a exclusiva discreci\u00f3n de ESTEL y no dar\u00e1 lugar a ning\u00fan tipo de indemnizaci\u00f3n.<\/span><\/p>\n<p class=\"p6\"><span class=\"s1\">7. Tratamiento de datos personales. Los Usuarios consienten el tratamiento de sus datos personales con el alcance y en los t\u00e9rminos que se indican en nuestra pol\u00edtica de privacidad, la cual est\u00e1 disponible en la home page de la Web, quedando asimismo dicha pol\u00edtica incorporada a las presentes condiciones por referencia. En dicha pol\u00edtica, los Usuarios encontrar\u00e1n informaci\u00f3n sobre la manera de ejercitar sus derechos de acceso, supresi\u00f3n, limitaci\u00f3n y rectificaci\u00f3n de su informaci\u00f3n personal, as\u00ed como el de oposici\u00f3n a su tratamiento y portabilidad.<\/span><\/p>\n<p class=\"p5\"><span class=\"s1\">8. Propiedad intelectual y derechos de autor. Sin perjuicio de los contenidos sobre los cuales terceros ostentasen derechos intelectuales, los derechos de propiedad intelectual de la Web, el nombre de dominio, su c\u00f3digo fuente, dise\u00f1o y estructura de navegaci\u00f3n y elementos en ella contenidos (a t\u00edtulo enunciativo, im\u00e1genes, sonido, audio, v\u00eddeo, software, o textos; marcas o logotipos, combinaciones de colores, estructura y dise\u00f1o, etc.) son titularidad de ESTEL , a quien corresponde el ejercicio exclusivo de los derechos de explotaci\u00f3n de los mismos en cualquier forma, y, en especial los derechos de reproducci\u00f3n, distribuci\u00f3n, comunicaci\u00f3n p\u00fablica y transformaci\u00f3n, conforme a lo previsto por la vigente Ley de Propiedad Intelectual. Quedan expresamente prohibidas la reproducci\u00f3n, distribuci\u00f3n y la comunicaci\u00f3n p\u00fablica, incluida su modalidad de puesta a disposici\u00f3n, de la totalidad o parte de los contenidos de esta web en cualquier soporte y por cualquier medio t\u00e9cnico, sin la autorizaci\u00f3n de ESTEL o, en su caso, de los terceros que ostenten los derechos de propiedad intelectual o de autor sobre los contenidos afectados. No obstante lo anterior, el usuario de la web podr\u00e1 visualizar los elementos de esta Web e incluso imprimirlos, copiarlos y almacenarlos en el disco duro de su ordenador o en cualquier otro soporte f\u00edsico siempre y cuando sea, \u00fanica y exclusivamente, para su uso personal y privado. Aquellas entidades o personas que, previa autorizaci\u00f3n del titular de esta web, pretendan establecer un enlace con ella, deber\u00e1n garantizar que \u00fanicamente permite el acceso a esta Web o servicio pero que no realiza reproducci\u00f3n de sus contenidos y servicios.<\/span><\/p>\n<p class=\"p5\"><span class=\"s1\">9. Nulidad de las cl\u00e1usulas. En caso de que una cl\u00e1usula de las presentes condiciones de uso fuese declarada nula, s\u00f3lo afectar\u00e1 a dicha disposici\u00f3n o a aquella parte que as\u00ed haya sido declarada, subsistiendo las condiciones en todo lo dem\u00e1s y teni\u00e9ndose tal disposici\u00f3n, o la parte afectada, por no puesta.<\/span><\/p>\n<p class=\"p5\"><span class=\"s1\">10. Aceptaci\u00f3n. El acceso a la Web y su utilizaci\u00f3n implican necesariamente que todas y cada una de las presentes condiciones de uso son expresamente aceptadas por usted. <\/span><\/p>\n<p class=\"p5\"><span class=\"s1\">11. Ley y jurisdicci\u00f3n aplicables. La presente web se regir\u00e1 por la ley espa\u00f1ola con exclusi\u00f3n de sus reglas de conflicto de ley y cualquier controversia que pudiera derivarse de su utilizaci\u00f3n o de los servicios vinculados a la misma se someter\u00e1 a la jurisdicci\u00f3n y competencia de los Juzgados y Tribunales de Palma de Mallorca, renunciando expresamente los usuarios a su fuero propio si lo tuvieran.<\/span><\/p>\n<p class=\"p5\"><span class=\"s1\">La Comisi\u00f3n Europea facilita una plataforma de resoluci\u00f3n de litigios en l\u00ednea dirigida a los consumidores, pudiendo estos acceder a la misma mediante el siguiente enlace: https:\/\/webgate.ec.europa.eu\/odr\/main\/index.cfm?event=main.home.chooseLanguage<\/span><\/p>\n<p class=\"p3\"><span class=\"s1\">Versi\u00f3n 1.0 \u2013 marzo 2020<\/span><\/p>\n\t\t\t\t\t\t\t\t<\/div>\n\t\t\t\t<\/div>\n\t\t\t\t<div class=\"elementor-element elementor-element-6af3a30 elementor-widget elementor-widget-spacer\" data-id=\"6af3a30\" data-element_type=\"widget\" data-widget_type=\"spacer.default\">\n\t\t\t\t<div class=\"elementor-widget-container\">\n\t\t\t\t\t\t\t<div class=\"elementor-spacer\">\n\t\t\t<div class=\"elementor-spacer-inner\"><\/div>\n\t\t<\/div>\n\t\t\t\t\t\t<\/div>\n\t\t\t\t<\/div>\n\t\t\t\t\t<\/div>\n\t\t<\/div>\n\t\t\t\t\t<\/div>\n\t\t<\/section>\n\t\t\t\t<section class=\"elementor-section elementor-top-section elementor-element elementor-element-0ca7542 elementor-section-boxed elementor-section-height-default elementor-section-height-default\" data-id=\"0ca7542\" data-element_type=\"section\">\n\t\t\t\t\t\t<div class=\"elementor-container elementor-column-gap-default\">\n\t\t\t\t\t<div class=\"elementor-column elementor-col-100 elementor-top-column elementor-element elementor-element-e2b537b\" data-id=\"e2b537b\" data-element_type=\"column\">\n\t\t\t<div class=\"elementor-widget-wrap elementor-element-populated\">\n\t\t\t\t\t\t<div class=\"elementor-element elementor-element-0b09f4e elementor-widget elementor-widget-spacer\" data-id=\"0b09f4e\" data-element_type=\"widget\" data-widget_type=\"spacer.default\">\n\t\t\t\t<div class=\"elementor-widget-container\">\n\t\t\t\t\t\t\t<div class=\"elementor-spacer\">\n\t\t\t<div class=\"elementor-spacer-inner\"><\/div>\n\t\t<\/div>\n\t\t\t\t\t\t<\/div>\n\t\t\t\t<\/div>\n\t\t\t\t\t<\/div>\n\t\t<\/div>\n\t\t\t\t\t<\/div>\n\t\t<\/section>\n\t\t\t\t<\/div>\n\t\t","protected":false},"excerpt":{"rendered":"<p>Aviso legal NOTA LEGAL Y CONDICIONES DE USO DE LA WEB NOTA LEGAL Y CONDICIONES DE USO DE LA WEB El acceso a la web www.esteling.com atribuye la condici\u00f3n de USUARIO e implica la aceptaci\u00f3n plena y sin reserva, desde dicho acceso y\/o uso, de la presente nota legal y de la pol\u00edtica de privacidad [&hellip;]<\/p>\n","protected":false},"author":1,"featured_media":0,"parent":0,"menu_order":0,"comment_status":"closed","ping_status":"closed","template":"elementor_header_footer","meta":{"footnotes":""},"class_list":["post-17515","page","type-page","status-publish","hentry"],"_links":{"self":[{"href":"https:\/\/esteling.com\/mx\/wp-json\/wp\/v2\/pages\/17515","targetHints":{"allow":["GET"]}}],"collection":[{"href":"https:\/\/esteling.com\/mx\/wp-json\/wp\/v2\/pages"}],"about":[{"href":"https:\/\/esteling.com\/mx\/wp-json\/wp\/v2\/types\/page"}],"author":[{"embeddable":true,"href":"https:\/\/esteling.com\/mx\/wp-json\/wp\/v2\/users\/1"}],"replies":[{"embeddable":true,"href":"https:\/\/esteling.com\/mx\/wp-json\/wp\/v2\/comments?post=17515"}],"version-history":[{"count":0,"href":"https:\/\/esteling.com\/mx\/wp-json\/wp\/v2\/pages\/17515\/revisions"}],"wp:attachment":[{"href":"https:\/\/esteling.com\/mx\/wp-json\/wp\/v2\/media?parent=17515"}],"curies":[{"name":"wp","href":"https:\/\/api.w.org\/{rel}","templated":true}]}}