{"id":17494,"date":"2019-07-31T09:06:13","date_gmt":"2019-07-31T09:06:13","guid":{"rendered":"https:\/\/esteling.com\/produccion-de-energia\/"},"modified":"2026-02-25T14:20:07","modified_gmt":"2026-02-25T14:20:07","slug":"produccion-de-energia","status":"publish","type":"page","link":"https:\/\/esteling.com\/mx\/instalaciones\/produccion-de-energia\/","title":{"rendered":"Producci\u00f3n de energ\u00eda"},"content":{"rendered":"\t\t<div data-elementor-type=\"wp-post\" data-elementor-id=\"17494\" class=\"elementor elementor-17494 elementor-4851\" data-elementor-post-type=\"page\">\n\t\t\t\t\t\t<section class=\"elementor-section elementor-top-section elementor-element elementor-element-0c91dcb elementor-section-full_width elementor-section-height-min-height elementor-section-items-top elementor-section-content-top elementor-section-height-default\" data-id=\"0c91dcb\" data-element_type=\"section\" data-settings=\"{&quot;background_background&quot;:&quot;classic&quot;,&quot;background_motion_fx_motion_fx_scrolling&quot;:&quot;yes&quot;,&quot;background_motion_fx_translateY_effect&quot;:&quot;yes&quot;,&quot;background_motion_fx_translateY_speed&quot;:{&quot;unit&quot;:&quot;px&quot;,&quot;size&quot;:4,&quot;sizes&quot;:[]},&quot;background_motion_fx_translateY_affectedRange&quot;:{&quot;unit&quot;:&quot;%&quot;,&quot;size&quot;:&quot;&quot;,&quot;sizes&quot;:{&quot;start&quot;:0,&quot;end&quot;:100}},&quot;background_motion_fx_devices&quot;:[&quot;desktop&quot;,&quot;tablet&quot;,&quot;mobile&quot;]}\">\n\t\t\t\t\t\t\t<div class=\"elementor-background-overlay\"><\/div>\n\t\t\t\t\t\t\t<div class=\"elementor-container elementor-column-gap-no\">\n\t\t\t\t\t<div class=\"elementor-column elementor-col-100 elementor-top-column elementor-element elementor-element-c2d735c\" data-id=\"c2d735c\" data-element_type=\"column\">\n\t\t\t<div class=\"elementor-widget-wrap elementor-element-populated\">\n\t\t\t\t\t\t<section class=\"elementor-section elementor-inner-section elementor-element elementor-element-4763b31 elementor-section-boxed elementor-section-height-default elementor-section-height-default\" data-id=\"4763b31\" data-element_type=\"section\">\n\t\t\t\t\t\t<div class=\"elementor-container elementor-column-gap-default\">\n\t\t\t\t\t<div class=\"elementor-column elementor-col-100 elementor-inner-column elementor-element elementor-element-a546764\" data-id=\"a546764\" data-element_type=\"column\">\n\t\t\t<div class=\"elementor-widget-wrap elementor-element-populated\">\n\t\t\t\t\t\t<div class=\"elementor-element elementor-element-74fc762 elementor-widget elementor-widget-image\" data-id=\"74fc762\" data-element_type=\"widget\" data-widget_type=\"image.default\">\n\t\t\t\t<div class=\"elementor-widget-container\">\n\t\t\t\t\t\t\t\t\t\t\t\t\t\t\t<img fetchpriority=\"high\" decoding=\"async\" width=\"3508\" height=\"2481\" src=\"https:\/\/esteling.com\/wp-content\/uploads\/2025\/01\/ESTEL-ENERGY_Positivo.png\" class=\"attachment-full size-full wp-image-17919\" alt=\"\" srcset=\"https:\/\/esteling.com\/wp-content\/uploads\/2025\/01\/ESTEL-ENERGY_Positivo.png 3508w, https:\/\/esteling.com\/wp-content\/uploads\/2025\/01\/ESTEL-ENERGY_Positivo-600x424.png 600w, https:\/\/esteling.com\/wp-content\/uploads\/2025\/01\/ESTEL-ENERGY_Positivo-1920x1358.png 1920w, https:\/\/esteling.com\/wp-content\/uploads\/2025\/01\/ESTEL-ENERGY_Positivo-768x543.png 768w, https:\/\/esteling.com\/wp-content\/uploads\/2025\/01\/ESTEL-ENERGY_Positivo-1536x1086.png 1536w, https:\/\/esteling.com\/wp-content\/uploads\/2025\/01\/ESTEL-ENERGY_Positivo-2048x1448.png 2048w\" sizes=\"(max-width: 3508px) 100vw, 3508px\" \/>\t\t\t\t\t\t\t\t\t\t\t\t\t\t\t<\/div>\n\t\t\t\t<\/div>\n\t\t\t\t<div class=\"elementor-element elementor-element-2624ef8 elementor-widget elementor-widget-heading\" data-id=\"2624ef8\" data-element_type=\"widget\" data-widget_type=\"heading.default\">\n\t\t\t\t<div class=\"elementor-widget-container\">\n\t\t\t\t\t<h1 class=\"elementor-heading-title elementor-size-default\">Producci\u00f3n de energ\u00eda<\/h1>\t\t\t\t<\/div>\n\t\t\t\t<\/div>\n\t\t\t\t<div class=\"elementor-element elementor-element-bba8b07 elementor-widget elementor-widget-text-editor\" data-id=\"bba8b07\" data-element_type=\"widget\" data-widget_type=\"text-editor.default\">\n\t\t\t\t<div class=\"elementor-widget-container\">\n\t\t\t\t\t\t\t\t\tInstalaciones de producci\u00f3n de energ\u00eda asequibles y sostenibles\t\t\t\t\t\t\t\t<\/div>\n\t\t\t\t<\/div>\n\t\t\t\t\t<\/div>\n\t\t<\/div>\n\t\t\t\t\t<\/div>\n\t\t<\/section>\n\t\t\t\t<section class=\"elementor-section elementor-inner-section elementor-element elementor-element-58c2830 elementor-section-boxed elementor-section-height-default elementor-section-height-default\" data-id=\"58c2830\" data-element_type=\"section\">\n\t\t\t\t\t\t<div class=\"elementor-container elementor-column-gap-default\">\n\t\t\t\t\t<div class=\"elementor-column elementor-col-33 elementor-inner-column elementor-element elementor-element-9c66396\" data-id=\"9c66396\" data-element_type=\"column\">\n\t\t\t<div class=\"elementor-widget-wrap elementor-element-populated\">\n\t\t\t\t\t\t<div class=\"elementor-element elementor-element-a40e30e elementor-widget elementor-widget-heading\" data-id=\"a40e30e\" data-element_type=\"widget\" data-widget_type=\"heading.default\">\n\t\t\t\t<div class=\"elementor-widget-container\">\n\t\t\t\t\t<h2 class=\"elementor-heading-title elementor-size-default\">Plantas fotovoltaicas<\/h2>\t\t\t\t<\/div>\n\t\t\t\t<\/div>\n\t\t\t\t\t<\/div>\n\t\t<\/div>\n\t\t\t\t<div class=\"elementor-column elementor-col-33 elementor-inner-column elementor-element elementor-element-63210e0\" data-id=\"63210e0\" data-element_type=\"column\">\n\t\t\t<div class=\"elementor-widget-wrap elementor-element-populated\">\n\t\t\t\t\t\t<div class=\"elementor-element elementor-element-1a690c4 elementor-widget elementor-widget-heading\" data-id=\"1a690c4\" data-element_type=\"widget\" data-widget_type=\"heading.default\">\n\t\t\t\t<div class=\"elementor-widget-container\">\n\t\t\t\t\t<h2 class=\"elementor-heading-title elementor-size-default\">Bater\u00edas<\/h2>\t\t\t\t<\/div>\n\t\t\t\t<\/div>\n\t\t\t\t\t<\/div>\n\t\t<\/div>\n\t\t\t\t<div class=\"elementor-column elementor-col-33 elementor-inner-column elementor-element elementor-element-5746858\" data-id=\"5746858\" data-element_type=\"column\">\n\t\t\t<div class=\"elementor-widget-wrap elementor-element-populated\">\n\t\t\t\t\t\t<div class=\"elementor-element elementor-element-ef95760 elementor-widget elementor-widget-heading\" data-id=\"ef95760\" data-element_type=\"widget\" data-widget_type=\"heading.default\">\n\t\t\t\t<div class=\"elementor-widget-container\">\n\t\t\t\t\t<h2 class=\"elementor-heading-title elementor-size-default\">Cogeneraci\u00f3n y trigeneraci\u00f3n<\/h2>\t\t\t\t<\/div>\n\t\t\t\t<\/div>\n\t\t\t\t\t<\/div>\n\t\t<\/div>\n\t\t\t\t\t<\/div>\n\t\t<\/section>\n\t\t\t\t<section class=\"elementor-section elementor-inner-section elementor-element elementor-element-fff880b elementor-section-boxed elementor-section-height-default elementor-section-height-default\" data-id=\"fff880b\" data-element_type=\"section\">\n\t\t\t\t\t\t<div class=\"elementor-container elementor-column-gap-default\">\n\t\t\t\t\t<div class=\"elementor-column elementor-col-33 elementor-inner-column elementor-element elementor-element-36532f1\" data-id=\"36532f1\" data-element_type=\"column\">\n\t\t\t<div class=\"elementor-widget-wrap elementor-element-populated\">\n\t\t\t\t\t\t<div class=\"elementor-element elementor-element-e896bf8 elementor-widget elementor-widget-heading\" data-id=\"e896bf8\" data-element_type=\"widget\" data-widget_type=\"heading.default\">\n\t\t\t\t<div class=\"elementor-widget-container\">\n\t\t\t\t\t<h2 class=\"elementor-heading-title elementor-size-default\">Plantas avanzadas de tratamiento de agua<\/h2>\t\t\t\t<\/div>\n\t\t\t\t<\/div>\n\t\t\t\t\t<\/div>\n\t\t<\/div>\n\t\t\t\t<div class=\"elementor-column elementor-col-33 elementor-inner-column elementor-element elementor-element-f8de7f7\" data-id=\"f8de7f7\" data-element_type=\"column\">\n\t\t\t<div class=\"elementor-widget-wrap elementor-element-populated\">\n\t\t\t\t\t\t<div class=\"elementor-element elementor-element-9c2164c elementor-widget elementor-widget-heading\" data-id=\"9c2164c\" data-element_type=\"widget\" data-widget_type=\"heading.default\">\n\t\t\t\t<div class=\"elementor-widget-container\">\n\t\t\t\t\t<h2 class=\"elementor-heading-title elementor-size-default\">Energ\u00eda E\u00f3lica<\/h2>\t\t\t\t<\/div>\n\t\t\t\t<\/div>\n\t\t\t\t\t<\/div>\n\t\t<\/div>\n\t\t\t\t<div class=\"elementor-column elementor-col-33 elementor-inner-column elementor-element elementor-element-35860d2\" data-id=\"35860d2\" data-element_type=\"column\">\n\t\t\t<div class=\"elementor-widget-wrap elementor-element-populated\">\n\t\t\t\t\t\t<div class=\"elementor-element elementor-element-8551920 elementor-widget elementor-widget-heading\" data-id=\"8551920\" data-element_type=\"widget\" data-widget_type=\"heading.default\">\n\t\t\t\t<div class=\"elementor-widget-container\">\n\t\t\t\t\t<h2 class=\"elementor-heading-title elementor-size-default\">Energ\u00eda Hidr\u00e1ulica<\/h2>\t\t\t\t<\/div>\n\t\t\t\t<\/div>\n\t\t\t\t\t<\/div>\n\t\t<\/div>\n\t\t\t\t\t<\/div>\n\t\t<\/section>\n\t\t\t\t\t<\/div>\n\t\t<\/div>\n\t\t\t\t\t<\/div>\n\t\t<\/section>\n\t\t\t\t<\/div>\n\t\t","protected":false},"excerpt":{"rendered":"<p>Producci\u00f3n de energ\u00eda Instalaciones de producci\u00f3n de energ\u00eda asequibles y sostenibles Plantas fotovoltaicas Bater\u00edas Cogeneraci\u00f3n y trigeneraci\u00f3n Plantas avanzadas de tratamiento de agua Energ\u00eda E\u00f3lica Energ\u00eda Hidr\u00e1ulica<\/p>\n","protected":false},"author":1,"featured_media":17496,"parent":17502,"menu_order":0,"comment_status":"closed","ping_status":"closed","template":"elementor_header_footer","meta":{"footnotes":""},"class_list":["post-17494","page","type-page","status-publish","has-post-thumbnail","hentry"],"_links":{"self":[{"href":"https:\/\/esteling.com\/mx\/wp-json\/wp\/v2\/pages\/17494","targetHints":{"allow":["GET"]}}],"collection":[{"href":"https:\/\/esteling.com\/mx\/wp-json\/wp\/v2\/pages"}],"about":[{"href":"https:\/\/esteling.com\/mx\/wp-json\/wp\/v2\/types\/page"}],"author":[{"embeddable":true,"href":"https:\/\/esteling.com\/mx\/wp-json\/wp\/v2\/users\/1"}],"replies":[{"embeddable":true,"href":"https:\/\/esteling.com\/mx\/wp-json\/wp\/v2\/comments?post=17494"}],"version-history":[{"count":9,"href":"https:\/\/esteling.com\/mx\/wp-json\/wp\/v2\/pages\/17494\/revisions"}],"predecessor-version":[{"id":17937,"href":"https:\/\/esteling.com\/mx\/wp-json\/wp\/v2\/pages\/17494\/revisions\/17937"}],"up":[{"embeddable":true,"href":"https:\/\/esteling.com\/mx\/wp-json\/wp\/v2\/pages\/17502"}],"wp:featuredmedia":[{"embeddable":true,"href":"https:\/\/esteling.com\/mx\/wp-json\/wp\/v2\/media\/17496"}],"wp:attachment":[{"href":"https:\/\/esteling.com\/mx\/wp-json\/wp\/v2\/media?parent=17494"}],"curies":[{"name":"wp","href":"https:\/\/api.w.org\/{rel}","templated":true}]}}