{"id":17466,"date":"2019-09-18T06:45:33","date_gmt":"2019-09-18T06:45:33","guid":{"rendered":"https:\/\/esteling.com\/politica-de-cookies\/"},"modified":"2019-09-18T06:45:33","modified_gmt":"2019-09-18T06:45:33","slug":"politica-de-cookies","status":"publish","type":"page","link":"https:\/\/esteling.com\/mx\/politica-de-cookies\/","title":{"rendered":"Pol\u00edtica de Cookies"},"content":{"rendered":"\t\t<div data-elementor-type=\"wp-post\" data-elementor-id=\"17466\" class=\"elementor elementor-17466 elementor-6730\" data-elementor-post-type=\"page\">\n\t\t\t\t\t\t<section class=\"elementor-section elementor-top-section elementor-element elementor-element-efc85a3 elementor-section-height-min-height elementor-section-boxed elementor-section-height-default elementor-section-items-middle\" data-id=\"efc85a3\" data-element_type=\"section\" data-settings=\"{&quot;background_background&quot;:&quot;classic&quot;}\">\n\t\t\t\t\t\t\t<div class=\"elementor-background-overlay\"><\/div>\n\t\t\t\t\t\t\t<div class=\"elementor-container elementor-column-gap-no\">\n\t\t\t\t\t<div class=\"elementor-column elementor-col-100 elementor-top-column elementor-element elementor-element-08ac1b0\" data-id=\"08ac1b0\" data-element_type=\"column\">\n\t\t\t<div class=\"elementor-widget-wrap elementor-element-populated\">\n\t\t\t\t\t\t<div class=\"elementor-element elementor-element-01103b9 elementor-widget elementor-widget-heading\" data-id=\"01103b9\" data-element_type=\"widget\" data-widget_type=\"heading.default\">\n\t\t\t\t<div class=\"elementor-widget-container\">\n\t\t\t\t\t<h1 class=\"elementor-heading-title elementor-size-default\">Pol\u00edtica de cookies<\/h1>\t\t\t\t<\/div>\n\t\t\t\t<\/div>\n\t\t\t\t\t<\/div>\n\t\t<\/div>\n\t\t\t\t\t<\/div>\n\t\t<\/section>\n\t\t\t\t<section class=\"elementor-section elementor-top-section elementor-element elementor-element-3bb08fa elementor-section-full_width elementor-section-height-default elementor-section-height-default\" data-id=\"3bb08fa\" data-element_type=\"section\">\n\t\t\t\t\t\t<div class=\"elementor-container elementor-column-gap-no\">\n\t\t\t\t\t<div class=\"elementor-column elementor-col-100 elementor-top-column elementor-element elementor-element-07197b8\" data-id=\"07197b8\" data-element_type=\"column\">\n\t\t\t<div class=\"elementor-widget-wrap elementor-element-populated\">\n\t\t\t\t\t\t<div class=\"elementor-element elementor-element-8f696d6 elementor-widget__width-inherit elementor-absolute elementor-widget elementor-widget-spacer\" data-id=\"8f696d6\" data-element_type=\"widget\" data-settings=\"{&quot;_position&quot;:&quot;absolute&quot;}\" data-widget_type=\"spacer.default\">\n\t\t\t\t<div class=\"elementor-widget-container\">\n\t\t\t\t\t\t\t<div class=\"elementor-spacer\">\n\t\t\t<div class=\"elementor-spacer-inner\"><\/div>\n\t\t<\/div>\n\t\t\t\t\t\t<\/div>\n\t\t\t\t<\/div>\n\t\t\t\t\t<\/div>\n\t\t<\/div>\n\t\t\t\t\t<\/div>\n\t\t<\/section>\n\t\t\t\t<section class=\"elementor-section elementor-top-section elementor-element elementor-element-ad23963 elementor-section-boxed elementor-section-height-default elementor-section-height-default\" data-id=\"ad23963\" data-element_type=\"section\">\n\t\t\t\t\t\t<div class=\"elementor-container elementor-column-gap-default\">\n\t\t\t\t\t<div class=\"elementor-column elementor-col-100 elementor-top-column elementor-element elementor-element-dfcf4a2\" data-id=\"dfcf4a2\" data-element_type=\"column\">\n\t\t\t<div class=\"elementor-widget-wrap elementor-element-populated\">\n\t\t\t\t\t\t<div class=\"elementor-element elementor-element-4873244 elementor-widget elementor-widget-heading\" data-id=\"4873244\" data-element_type=\"widget\" data-widget_type=\"heading.default\">\n\t\t\t\t<div class=\"elementor-widget-container\">\n\t\t\t\t\t<h2 class=\"elementor-heading-title elementor-size-default\">Pol\u00edtica de cookies<\/h2>\t\t\t\t<\/div>\n\t\t\t\t<\/div>\n\t\t\t\t<div class=\"elementor-element elementor-element-6569906 elementor-widget elementor-widget-text-editor\" data-id=\"6569906\" data-element_type=\"widget\" data-widget_type=\"text-editor.default\">\n\t\t\t\t<div class=\"elementor-widget-container\">\n\t\t\t\t\t\t\t\t\t<p class=\"p3\"><span class=\"s2\">\u00bfQU\u00c9 SON LAS COOKIES?<\/span><\/p><p class=\"p4\"><span class=\"s1\">Este sitio web utiliza cookies y\/o tecnolog\u00edas similares que almacenan y recuperan informaci\u00f3n cuando navega. En general, estas tecnolog\u00edas pueden servir para finalidades muy diversas, como, por ejemplo, reconocerle como usuario, obtener informaci\u00f3n sobre sus h\u00e1bitos de navegaci\u00f3n o personalizar la forma en que se muestra el contenido. <\/span><\/p><p class=\"p4\"><span class=\"s1\">Existen cookies que son controladas y gestionadas por el propio titular de la Web (son llamadas \u201ccookies propias\u201d) y otras que lo son por terceros (son conocidas como \u201ccookies de terceros\u201d), por ejemplo, porque estos proporcionan una herramienta o una funcionalidad integrada a la web.<\/span><\/p><p class=\"p3\"><span class=\"s1\">Los usos concretos que hacemos de estas tecnolog\u00edas se describen a continuaci\u00f3n.<\/span><\/p><p class=\"p3\"><span class=\"s2\">\u00bfQU\u00c9 TIPO DE COOKIES UTILIZAMOS Y PARA QU\u00c9?<\/span><\/p><p class=\"p4\"><span class=\"s1\">En esta web utilizamos los siguientes tipos de cookies:<\/span><\/p><ol class=\"ol1\"><li class=\"li4\"><span class=\"s1\">Cookies t\u00e9cnicas o indispensables a la prestaci\u00f3n de los servicios: Son aquellas que permiten al usuario la navegaci\u00f3n a trav\u00e9s de una p\u00e1gina web, plataforma o aplicaci\u00f3n y la utilizaci\u00f3n de las diferentes opciones o servicios que en ella existan, incluyendo aquellas que se utilizan para permitir la gesti\u00f3n y operativa de la p\u00e1gina web y habilitar sus funciones y servicios, como, por ejemplo, controlar el tr\u00e1fico y la comunicaci\u00f3n de datos, identificar la sesi\u00f3n, acceder a partes de acceso restringido, recordar los elementos que integran un pedido, realizar el proceso de compra de un pedido, gestionar el pago, controlar el fraude vinculado a la seguridad del servicio, realizar la solicitud de inscripci\u00f3n o participaci\u00f3n en un evento, contar visitas a efectos de la facturaci\u00f3n de licencias del software con el que funciona el servicio (sitio web, plataforma o aplicaci\u00f3n), utilizar elementos de seguridad durante la navegaci\u00f3n, almacenar contenidos para la difusi\u00f3n de v\u00eddeos o sonido, habilitar contenidos din\u00e1micos (por ejemplo, animaci\u00f3n de carga de un texto o imagen), compartir contenidos a trav\u00e9s de redes sociales. Tambi\u00e9n se incluyen en esta categor\u00eda las cookies destinadas a la gesti\u00f3n de nuestros espacios publicitarios del titular de la web en base a criterios t\u00e9cnicos como el contenido editado, la frecuencia en la que se muestran los anuncios o el control del origen del cliente potencial cuando \u00e9ste haya activado un enlace publicitario desde una web adherida a programas de marketing por afiliaci\u00f3n.<\/span><\/li><\/ol><p class=\"p5\"><span class=\"s1\">Estas cookies est\u00e1n exceptuadas del cumplimiento de las obligaciones establecidas en el art\u00edculo 22.2 de la LSSI <\/span><\/p><ol class=\"ol1\"><li class=\"li3\"><span class=\"s1\">Cookies de an\u00e1lisis o medici\u00f3n: Utilizamos cookies de terceros que permiten cuantificar el n\u00famero de usuarios y as\u00ed realizar la medici\u00f3n y an\u00e1lisis estad\u00edstico de la utilizaci\u00f3n que estos hacen del servicio ofertado. Para ello se analiza su navegaci\u00f3n en nuestra p\u00e1gina web con el fin de mejorar los productos o servicios que le ofrecemos. Consulte el listado de los terceros que tratan la informaci\u00f3n obtenida con estas cookies m\u00e1s abajo en el apartado \u201cCOOKIES DE TERCEROS\u201d<\/span><\/li><\/ol><p class=\"p3\"><span class=\"s2\">TRANSFERENCIAS DE DATOS TERCEROS PA\u00cdSES<\/span><\/p><p class=\"p3\"><span class=\"s1\">Puede informarse de las transferencias a terceros pa\u00edses que, en su caso, realizan los terceros identificados en esta pol\u00edtica de cookies en sus correspondientes pol\u00edticas (ver los enlaces facilitados en el apartado \u201cCOOKIES DE TERCEROS\u201d). <\/span><\/p><p class=\"p3\"><span class=\"s2\">PERIODO DE CONSERVACI\u00d3N DE LOS DATOS<\/span><\/p><p class=\"p4\"><span class=\"s1\">Ciertas cookies se cancelan una vez finalizada la navegaci\u00f3n en la web (cookies de sesi\u00f3n) mientras que otras pueden seguir almacenadas en el equipo de los usuarios y ser accedidas por un periodo m\u00e1s largo (cookies persistentes).<\/span><\/p><p class=\"p3\"><span class=\"s1\">Caducidad de las cookies de terceros: Puede informarse sobre los periodos de conservaci\u00f3n de las cookies de los terceros identificados en esta pol\u00edtica de cookies en sus correspondientes pol\u00edticas (ver los enlaces facilitados en el apartado \u201cCOOKIES DE TERCEROS\u201d). <\/span><\/p><p class=\"p3\"><span class=\"s2\">TRATAMIENTOS DE DATOS PERSONALES Y DERECHOS DEL INTERESADO<\/span><\/p><p class=\"p4\"><span class=\"s1\">La instalaci\u00f3n de cookies de terceros puede implicar la recogida de datos personales de navegaci\u00f3n, tales como direcciones IP o identificadores en l\u00ednea por dichas empresas para fines de marketing u otros propios de su responsabilidad. Puede informarse sobre los tratamientos de datos personales que, en su caso, realizan los terceros identificados en esta pol\u00edtica de cookies y sobre el modo de ejercer sus derechos en sus correspondientes pol\u00edticas (ver los enlaces facilitados en el apartado \u201cCOOKIES DE TERCEROS\u201d). <\/span><\/p><p class=\"p4\"><span class=\"s1\">Respecto a nosotros, la informaci\u00f3n obtenida de las cookies s\u00f3lo podr\u00eda ser asociada a un usuario concreto en caso de que dicho usuario est\u00e9 identificado en la web. De ser as\u00ed, dichos datos ser\u00e1n tratados de conformidad con lo establecido en nuestra Pol\u00edtica de Privacidad <\/span><span class=\"s3\">[ENLAZAR CON POLITICA DE PRIVACIDAD DE LA WEB]<\/span><span class=\"s1\">.<\/span><\/p><p class=\"p3\"><span class=\"s1\">En cualquier momento los usuarios afectados podr\u00e1n ejercitar su derecho a solicitar el acceso, la rectificaci\u00f3n o supresi\u00f3n, la limitaci\u00f3n del tratamiento y la portabilidad de sus datos, as\u00ed como a oponerse a su tratamiento y a presentar una reclamaci\u00f3n ante una autoridad de control. M\u00e1s informaci\u00f3n sobre protecci\u00f3n de datos en nuestra Pol\u00edtica de Privacidad <\/span><span class=\"s3\">[ENLAZAR CON POLITICA DE PRIVACIDAD DE LA WEB]<\/span><span class=\"s1\">.<\/span><\/p><p class=\"p3\"><span class=\"s2\">\u00bfC\u00d3MO PUEDO GESTIONAR LAS COOKIES?<\/span><\/p><p class=\"p4\"><span class=\"s1\">Puede usted permitir o bloquear las cookies, as\u00ed como borrar sus datos de navegaci\u00f3n (incluidas las cookies) desde el navegador que usted utiliza. Consulte las opciones e instrucciones que ofrece su navegador para ello. Tenga en cuenta que, si acepta las cookies de terceros, deber\u00e1 eliminarlas desde las opciones del navegador (ver +INFO en el apartado \u201cCOOKIES DE TERCEROS\u201d)<\/span><\/p><p class=\"p6\"><span class=\"s1\">Para su comodidad, a continuaci\u00f3n, encontrar\u00e1 informaci\u00f3n proporcionada por los desarrolladores de los principales navegadores sobre la gesti\u00f3n de cookies:<\/span><\/p><ul class=\"ul1\"><li class=\"li8\"><span class=\"s1\">Chrome, <a href=\"http:\/\/support.google.com\/chrome\/bin\/answer.py?hl=es&amp;answer=95647\" target=\"_blank\" rel=\"noopener\"><span class=\"s5\">http:\/\/support.google.com\/chrome\/bin\/answer.py?hl=es&amp;answer=95647 <\/span><\/a><\/span><\/li><li class=\"li8\"><span class=\"s1\">Explorer, <\/span><span class=\"s2\">http:\/\/windows.microsoft.com\/es-es\/windows-vista\/block-or-allow-cookies<\/span><\/li><li class=\"li8\"><span class=\"s1\">Firefox, <a href=\"http:\/\/support.mozilla.org\/es\/kb\/habilitar-y-deshabilitar-cookies-que-los-sitios-we\" target=\"_blank\" rel=\"noopener\"><span class=\"s5\">http:\/\/support.mozilla.org\/es\/kb\/habilitar-y-deshabilitar-cookies-que-los-sitios-we<\/span><\/a> <\/span><\/li><li class=\"li8\"><span class=\"s1\">Safari,<a href=\"https:\/\/support.apple.com\/kb\/index?q=manage+cookies&amp;src=globalnav_support&amp;type=organic&amp;page=search&amp;locale=es_ES\" target=\"_blank\" rel=\"noopener\"><span class=\"s5\">https:\/\/support.apple.com\/kb\/index?q=manage+cookies&amp;src=globalnav_support&amp;type=organic&amp;page=search&amp;locale=es_ES<\/span><\/a><\/span><\/li><\/ul><p class=\"p4\"><span class=\"s1\">Para inhabilitar el uso de cookies publicitarias de terceros, los usuarios pueden igualmente visitar la p\u00e1gina de inhabilitaci\u00f3n de la Iniciativa publicitaria de la red (NAI, Network Advertising Initiative. P\u00e1gina en ingl\u00e9s:<\/span><\/p><p class=\"p4\"><span class=\"s1\"><a href=\"http:\/\/www.networkadvertising.org\/managing\/opt_out.asp\" target=\"_blank\" rel=\"noopener\">http:\/\/www.networkadvertising.org\/managing\/opt_out.asp<\/a>).<\/span><\/p><p class=\"p3\"><span class=\"s1\">En caso de desactivar las cookies, es posible que no pueda hacer uso de todas las funcionalidades de la web.<\/span><\/p><p class=\"p3\"><span class=\"s2\">COOKIES DE TERCEROS<\/span><\/p><table class=\"t1\" cellspacing=\"0\" cellpadding=\"0\"><tbody><tr><td class=\"td1\" valign=\"middle\"><p class=\"p10\"><span class=\"s1\">TIPO DE COOKIES<\/span><\/p><\/td><td class=\"td2\" valign=\"middle\"><p class=\"p10\"><span class=\"s1\">COOKIES<\/span><\/p><\/td><td class=\"td3\" valign=\"middle\"><p class=\"p10\"><span class=\"s1\">RESPONSABLE<\/span><\/p><\/td><td class=\"td4\" valign=\"middle\"><p class=\"p10\"><span class=\"s1\">+ INFO<\/span><\/p><\/td><\/tr><tr><td class=\"td5\" valign=\"middle\"><p class=\"p11\"><span class=\"s1\">An\u00e1lisis o medici\u00f3n<\/span><\/p><\/td><td class=\"td6\" valign=\"middle\"><p class=\"p11\"><span class=\"s1\">GOOGLE ANALYTICS:<\/span><\/p><p class=\"p11\"><span class=\"s1\">1)_gat_gtag_UA_159216305_1 &#8211;<\/span><\/p><p class=\"p11\"><span class=\"s1\">&#8211; Plazo de conservaci\u00f3n: 24horas<\/span><\/p><p class=\"p11\"><span class=\"s1\">2) _ga<\/span><\/p><p class=\"p11\"><span class=\"s1\">&#8211; Plazo de conservaci\u00f3n: 24horas<\/span><\/p><p class=\"p11\"><span class=\"s1\">3)_gid.<\/span><\/p><p class=\"p11\"><span class=\"s1\">&#8211; Plazo de conservaci\u00f3n: 48horas<\/span><\/p><\/td><td class=\"td7\" valign=\"middle\"><p class=\"p11\"><span class=\"s1\">Google, Inc., 1600 Amphitheatre Parkway. Mountain View, CA 94043. EE.UU.<\/span><\/p><\/td><td class=\"td8\" valign=\"middle\"><p class=\"p11\"><span class=\"s1\">Puede obtener m\u00e1s informaci\u00f3n sobre el funcionamiento de GOOGLE ANALYTICS y las cookies utilizadas por este servicio en los siguientes enlaces:<\/span><\/p><p class=\"p11\"><span class=\"s1\"><a href=\"https:\/\/support.google.com\/analytics\/answer\/6004245\" target=\"_blank\" rel=\"noopener\">https:\/\/support.google.com\/analytics\/answer\/6004245<\/a><\/span><\/p><p class=\"p11\"><span class=\"s1\"><a href=\"http:\/\/www.google.com\/intl\/es\/policies\/privacy\/\" target=\"_blank\" rel=\"noopener\">http:\/\/www.google.com\/intl\/es\/policies\/privacy\/<\/a><\/span><\/p><p class=\"p11\"><span class=\"s1\">Puede desactivar las cookies de GOOGLE ANALYTICS mediante la instalaci\u00f3n en su navegador del complemento de inhabilitaci\u00f3n creado por Google y disponible en el siguiente enlace: <a href=\"https:\/\/tools.google.com\/dlpage\/gaoptout?hl=es\" target=\"_blank\" rel=\"noopener\"><span class=\"s6\">https:\/\/tools.google.com\/dlpage\/gaoptout?hl=es<\/span><\/a><\/span><\/p><\/td><\/tr><\/tbody><\/table>\t\t\t\t\t\t\t\t<\/div>\n\t\t\t\t<\/div>\n\t\t\t\t<div class=\"elementor-element elementor-element-6af3a30 elementor-widget elementor-widget-spacer\" data-id=\"6af3a30\" data-element_type=\"widget\" data-widget_type=\"spacer.default\">\n\t\t\t\t<div class=\"elementor-widget-container\">\n\t\t\t\t\t\t\t<div class=\"elementor-spacer\">\n\t\t\t<div class=\"elementor-spacer-inner\"><\/div>\n\t\t<\/div>\n\t\t\t\t\t\t<\/div>\n\t\t\t\t<\/div>\n\t\t\t\t\t<\/div>\n\t\t<\/div>\n\t\t\t\t\t<\/div>\n\t\t<\/section>\n\t\t\t\t<section class=\"elementor-section elementor-top-section elementor-element elementor-element-0ca7542 elementor-section-boxed elementor-section-height-default elementor-section-height-default\" data-id=\"0ca7542\" data-element_type=\"section\">\n\t\t\t\t\t\t<div class=\"elementor-container elementor-column-gap-default\">\n\t\t\t\t\t<div class=\"elementor-column elementor-col-100 elementor-top-column elementor-element elementor-element-e2b537b\" data-id=\"e2b537b\" data-element_type=\"column\">\n\t\t\t<div class=\"elementor-widget-wrap elementor-element-populated\">\n\t\t\t\t\t\t<div class=\"elementor-element elementor-element-0b09f4e elementor-widget elementor-widget-spacer\" data-id=\"0b09f4e\" data-element_type=\"widget\" data-widget_type=\"spacer.default\">\n\t\t\t\t<div class=\"elementor-widget-container\">\n\t\t\t\t\t\t\t<div class=\"elementor-spacer\">\n\t\t\t<div class=\"elementor-spacer-inner\"><\/div>\n\t\t<\/div>\n\t\t\t\t\t\t<\/div>\n\t\t\t\t<\/div>\n\t\t\t\t\t<\/div>\n\t\t<\/div>\n\t\t\t\t\t<\/div>\n\t\t<\/section>\n\t\t\t\t<\/div>\n\t\t","protected":false},"excerpt":{"rendered":"<p>Pol\u00edtica de cookies Pol\u00edtica de cookies \u00bfQU\u00c9 SON LAS COOKIES? Este sitio web utiliza cookies y\/o tecnolog\u00edas similares que almacenan y recuperan informaci\u00f3n cuando navega. En general, estas tecnolog\u00edas pueden servir para finalidades muy diversas, como, por ejemplo, reconocerle como usuario, obtener informaci\u00f3n sobre sus h\u00e1bitos de navegaci\u00f3n o personalizar la forma en que se [&hellip;]<\/p>\n","protected":false},"author":1,"featured_media":17467,"parent":0,"menu_order":0,"comment_status":"closed","ping_status":"closed","template":"elementor_header_footer","meta":{"footnotes":""},"class_list":["post-17466","page","type-page","status-publish","has-post-thumbnail","hentry"],"_links":{"self":[{"href":"https:\/\/esteling.com\/mx\/wp-json\/wp\/v2\/pages\/17466","targetHints":{"allow":["GET"]}}],"collection":[{"href":"https:\/\/esteling.com\/mx\/wp-json\/wp\/v2\/pages"}],"about":[{"href":"https:\/\/esteling.com\/mx\/wp-json\/wp\/v2\/types\/page"}],"author":[{"embeddable":true,"href":"https:\/\/esteling.com\/mx\/wp-json\/wp\/v2\/users\/1"}],"replies":[{"embeddable":true,"href":"https:\/\/esteling.com\/mx\/wp-json\/wp\/v2\/comments?post=17466"}],"version-history":[{"count":0,"href":"https:\/\/esteling.com\/mx\/wp-json\/wp\/v2\/pages\/17466\/revisions"}],"wp:featuredmedia":[{"embeddable":true,"href":"https:\/\/esteling.com\/mx\/wp-json\/wp\/v2\/media\/17467"}],"wp:attachment":[{"href":"https:\/\/esteling.com\/mx\/wp-json\/wp\/v2\/media?parent=17466"}],"curies":[{"name":"wp","href":"https:\/\/api.w.org\/{rel}","templated":true}]}}