{"id":17453,"date":"2021-07-06T06:18:24","date_gmt":"2021-07-06T06:18:24","guid":{"rendered":"https:\/\/esteling.com\/green\/"},"modified":"2021-07-06T06:18:24","modified_gmt":"2021-07-06T06:18:24","slug":"green","status":"publish","type":"page","link":"https:\/\/esteling.com\/mx\/green\/","title":{"rendered":"Estel Green"},"content":{"rendered":"\t\t<div data-elementor-type=\"wp-post\" data-elementor-id=\"17453\" class=\"elementor elementor-17453 elementor-13251\" data-elementor-post-type=\"page\">\n\t\t\t\t\t\t<section class=\"elementor-section elementor-top-section elementor-element elementor-element-c94e77f elementor-section-full_width elementor-section-height-min-height elementor-section-items-stretch elementor-section-content-top elementor-section-stretched elementor-section-height-default\" data-id=\"c94e77f\" data-element_type=\"section\" data-e-type=\"section\" data-settings=\"{&quot;background_background&quot;:&quot;classic&quot;,&quot;stretch_section&quot;:&quot;section-stretched&quot;}\">\n\t\t\t\t\t\t\t<div class=\"elementor-background-overlay\"><\/div>\n\t\t\t\t\t\t\t<div class=\"elementor-container elementor-column-gap-no\">\n\t\t\t\t\t<div class=\"elementor-column elementor-col-100 elementor-top-column elementor-element elementor-element-32538a7\" data-id=\"32538a7\" data-element_type=\"column\" data-e-type=\"column\">\n\t\t\t<div class=\"elementor-widget-wrap elementor-element-populated\">\n\t\t\t\t\t\t<section class=\"elementor-section elementor-inner-section elementor-element elementor-element-02899bf elementor-section-boxed elementor-section-height-default elementor-section-height-default\" data-id=\"02899bf\" data-element_type=\"section\" data-e-type=\"section\">\n\t\t\t\t\t\t<div class=\"elementor-container elementor-column-gap-default\">\n\t\t\t\t\t<div class=\"elementor-column elementor-col-100 elementor-inner-column elementor-element elementor-element-a386c72\" data-id=\"a386c72\" data-element_type=\"column\" data-e-type=\"column\">\n\t\t\t<div class=\"elementor-widget-wrap elementor-element-populated\">\n\t\t\t\t\t\t<div class=\"elementor-element elementor-element-fbdfcac elementor-widget elementor-widget-image\" data-id=\"fbdfcac\" data-element_type=\"widget\" data-e-type=\"widget\" data-widget_type=\"image.default\">\n\t\t\t\t<div class=\"elementor-widget-container\">\n\t\t\t\t\t\t\t\t\t\t\t\t\t\t\t<img fetchpriority=\"high\" decoding=\"async\" width=\"3508\" height=\"2481\" src=\"https:\/\/esteling.com\/wp-content\/uploads\/2025\/01\/ESTEL-GREEN_Positivo.png\" class=\"attachment-full size-full wp-image-16457\" alt=\"\" srcset=\"https:\/\/esteling.com\/wp-content\/uploads\/2025\/01\/ESTEL-GREEN_Positivo.png 3508w, https:\/\/esteling.com\/wp-content\/uploads\/2025\/01\/ESTEL-GREEN_Positivo-600x424.png 600w, https:\/\/esteling.com\/wp-content\/uploads\/2025\/01\/ESTEL-GREEN_Positivo-1920x1358.png 1920w, https:\/\/esteling.com\/wp-content\/uploads\/2025\/01\/ESTEL-GREEN_Positivo-768x543.png 768w, https:\/\/esteling.com\/wp-content\/uploads\/2025\/01\/ESTEL-GREEN_Positivo-1536x1086.png 1536w, https:\/\/esteling.com\/wp-content\/uploads\/2025\/01\/ESTEL-GREEN_Positivo-2048x1448.png 2048w\" sizes=\"(max-width: 3508px) 100vw, 3508px\" \/>\t\t\t\t\t\t\t\t\t\t\t\t\t\t\t<\/div>\n\t\t\t\t<\/div>\n\t\t\t\t<div class=\"elementor-element elementor-element-2cc9df1 elementor-widget elementor-widget-heading\" data-id=\"2cc9df1\" data-element_type=\"widget\" data-e-type=\"widget\" data-widget_type=\"heading.default\">\n\t\t\t\t<div class=\"elementor-widget-container\">\n\t\t\t\t\t<h1 class=\"elementor-heading-title elementor-size-default\">Tecnolog\u00eda y sostenibilidad<\/h1>\t\t\t\t<\/div>\n\t\t\t\t<\/div>\n\t\t\t\t<div class=\"elementor-element elementor-element-51689db elementor-widget elementor-widget-text-editor\" data-id=\"51689db\" data-element_type=\"widget\" data-e-type=\"widget\" data-widget_type=\"text-editor.default\">\n\t\t\t\t<div class=\"elementor-widget-container\">\n\t\t\t\t\t\t\t\t\tGeneraci\u00f3n renovable y optimizaci\u00f3n del uso de recursos\t\t\t\t\t\t\t\t<\/div>\n\t\t\t\t<\/div>\n\t\t\t\t\t<\/div>\n\t\t<\/div>\n\t\t\t\t\t<\/div>\n\t\t<\/section>\n\t\t\t\t<section class=\"elementor-section elementor-inner-section elementor-element elementor-element-4ba4c9e elementor-section-boxed elementor-section-height-default elementor-section-height-default\" data-id=\"4ba4c9e\" data-element_type=\"section\" data-e-type=\"section\">\n\t\t\t\t\t\t<div class=\"elementor-container elementor-column-gap-default\">\n\t\t\t\t\t<div class=\"elementor-column elementor-col-100 elementor-inner-column elementor-element elementor-element-b023028\" data-id=\"b023028\" data-element_type=\"column\" data-e-type=\"column\" data-settings=\"{&quot;background_background&quot;:&quot;gradient&quot;}\">\n\t\t\t<div class=\"elementor-widget-wrap elementor-element-populated\">\n\t\t\t\t\t\t<div class=\"elementor-element elementor-element-d9adc84 elementor-widget__width-initial elementor-absolute elementor-invisible elementor-widget elementor-widget-heading\" data-id=\"d9adc84\" data-element_type=\"widget\" data-e-type=\"widget\" data-settings=\"{&quot;_position&quot;:&quot;absolute&quot;,&quot;_animation&quot;:&quot;fadeIn&quot;,&quot;_animation_delay&quot;:900}\" data-widget_type=\"heading.default\">\n\t\t\t\t<div class=\"elementor-widget-container\">\n\t\t\t\t\t<h2 class=\"elementor-heading-title elementor-size-default\">ECONOM\u00cdA\nCIRCULAR<\/h2>\t\t\t\t<\/div>\n\t\t\t\t<\/div>\n\t\t\t\t<div class=\"elementor-element elementor-element-ff8fbd6 elementor-widget__width-initial elementor-absolute elementor-invisible elementor-widget elementor-widget-heading\" data-id=\"ff8fbd6\" data-element_type=\"widget\" data-e-type=\"widget\" data-settings=\"{&quot;_position&quot;:&quot;absolute&quot;,&quot;_animation&quot;:&quot;fadeIn&quot;,&quot;_animation_delay&quot;:1000}\" data-widget_type=\"heading.default\">\n\t\t\t\t<div class=\"elementor-widget-container\">\n\t\t\t\t\t<h2 class=\"elementor-heading-title elementor-size-default\">DESCARBONIZACI\u00d3N<\/h2>\t\t\t\t<\/div>\n\t\t\t\t<\/div>\n\t\t\t\t<div class=\"elementor-element elementor-element-340a1c0 elementor-widget__width-auto elementor-absolute animated-slow elementor-invisible elementor-widget elementor-widget-image\" data-id=\"340a1c0\" data-element_type=\"widget\" data-e-type=\"widget\" data-settings=\"{&quot;_position&quot;:&quot;absolute&quot;,&quot;_animation&quot;:&quot;fadeIn&quot;,&quot;_animation_delay&quot;:100}\" data-widget_type=\"image.default\">\n\t\t\t\t<div class=\"elementor-widget-container\">\n\t\t\t\t\t\t\t\t\t\t\t\t\t\t\t<img decoding=\"async\" width=\"424\" height=\"444\" src=\"https:\/\/esteling.com\/wp-content\/uploads\/2025\/01\/E-GREEN.png\" class=\"attachment-full size-full wp-image-17664\" alt=\"\" \/>\t\t\t\t\t\t\t\t\t\t\t\t\t\t\t<\/div>\n\t\t\t\t<\/div>\n\t\t\t\t<div class=\"elementor-element elementor-element-fd257d0 elementor-widget__width-initial elementor-absolute elementor-invisible elementor-widget elementor-widget-heading\" data-id=\"fd257d0\" data-element_type=\"widget\" data-e-type=\"widget\" data-settings=\"{&quot;_position&quot;:&quot;absolute&quot;,&quot;_animation&quot;:&quot;fadeIn&quot;,&quot;_animation_delay&quot;:1000}\" data-widget_type=\"heading.default\">\n\t\t\t\t<div class=\"elementor-widget-container\">\n\t\t\t\t\t<h2 class=\"elementor-heading-title elementor-size-default\">I+D+i<\/h2>\t\t\t\t<\/div>\n\t\t\t\t<\/div>\n\t\t\t\t<div class=\"elementor-element elementor-element-3c5f6d1 elementor-widget__width-initial elementor-absolute elementor-invisible elementor-widget elementor-widget-heading\" data-id=\"3c5f6d1\" data-element_type=\"widget\" data-e-type=\"widget\" data-settings=\"{&quot;_position&quot;:&quot;absolute&quot;,&quot;_animation&quot;:&quot;fadeIn&quot;,&quot;_animation_delay&quot;:1000}\" data-widget_type=\"heading.default\">\n\t\t\t\t<div class=\"elementor-widget-container\">\n\t\t\t\t\t<h2 class=\"elementor-heading-title elementor-size-default\">HIDR\u00d3GENO<\/h2>\t\t\t\t<\/div>\n\t\t\t\t<\/div>\n\t\t\t\t<div class=\"elementor-element elementor-element-c090e00 elementor-widget__width-initial elementor-absolute elementor-invisible elementor-widget elementor-widget-heading\" data-id=\"c090e00\" data-element_type=\"widget\" data-e-type=\"widget\" data-settings=\"{&quot;_position&quot;:&quot;absolute&quot;,&quot;_animation&quot;:&quot;fadeIn&quot;,&quot;_animation_delay&quot;:1000}\" data-widget_type=\"heading.default\">\n\t\t\t\t<div class=\"elementor-widget-container\">\n\t\t\t\t\t<h2 class=\"elementor-heading-title elementor-size-default\">DEPURACI\u00d3N DE AGUA<\/h2>\t\t\t\t<\/div>\n\t\t\t\t<\/div>\n\t\t\t\t<div class=\"elementor-element elementor-element-f90dce0 elementor-widget__width-initial elementor-absolute elementor-invisible elementor-widget elementor-widget-heading\" data-id=\"f90dce0\" data-element_type=\"widget\" data-e-type=\"widget\" data-settings=\"{&quot;_position&quot;:&quot;absolute&quot;,&quot;_animation&quot;:&quot;fadeIn&quot;,&quot;_animation_delay&quot;:1000}\" data-widget_type=\"heading.default\">\n\t\t\t\t<div class=\"elementor-widget-container\">\n\t\t\t\t\t<h2 class=\"elementor-heading-title elementor-size-default\">DESALACI\u00d3N DE AGUA<\/h2>\t\t\t\t<\/div>\n\t\t\t\t<\/div>\n\t\t\t\t<div class=\"elementor-element elementor-element-423318f elementor-widget__width-initial elementor-absolute elementor-invisible elementor-widget elementor-widget-heading\" data-id=\"423318f\" data-element_type=\"widget\" data-e-type=\"widget\" data-settings=\"{&quot;_position&quot;:&quot;absolute&quot;,&quot;_animation&quot;:&quot;fadeIn&quot;,&quot;_animation_delay&quot;:1000}\" data-widget_type=\"heading.default\">\n\t\t\t\t<div class=\"elementor-widget-container\">\n\t\t\t\t\t<h2 class=\"elementor-heading-title elementor-size-default\">EFICIENCIA ENERG\u00c9TICA<\/h2>\t\t\t\t<\/div>\n\t\t\t\t<\/div>\n\t\t\t\t<div class=\"elementor-element elementor-element-4e9363e elementor-widget elementor-widget-image\" data-id=\"4e9363e\" data-element_type=\"widget\" data-e-type=\"widget\" data-widget_type=\"image.default\">\n\t\t\t\t<div class=\"elementor-widget-container\">\n\t\t\t\t\t\t\t\t\t\t\t\t\t\t\t<img decoding=\"async\" width=\"800\" height=\"513\" src=\"https:\/\/esteling.com\/wp-content\/uploads\/2019\/11\/Estel-engineering-points-installations-1.svg\" class=\"attachment-large size-large wp-image-8761\" alt=\"\" \/>\t\t\t\t\t\t\t\t\t\t\t\t\t\t\t<\/div>\n\t\t\t\t<\/div>\n\t\t\t\t\t<\/div>\n\t\t<\/div>\n\t\t\t\t\t<\/div>\n\t\t<\/section>\n\t\t\t\t<section class=\"elementor-section elementor-inner-section elementor-element elementor-element-b69e75b elementor-section-content-middle elementor-section-boxed elementor-section-height-default elementor-section-height-default\" data-id=\"b69e75b\" data-element_type=\"section\" data-e-type=\"section\">\n\t\t\t\t\t\t<div class=\"elementor-container elementor-column-gap-no\">\n\t\t\t\t\t<div class=\"elementor-column elementor-col-100 elementor-inner-column elementor-element elementor-element-a6b991f animated-slow elementor-invisible\" data-id=\"a6b991f\" data-element_type=\"column\" data-e-type=\"column\" data-settings=\"{&quot;background_background&quot;:&quot;classic&quot;,&quot;animation&quot;:&quot;fadeInUp&quot;,&quot;animation_delay&quot;:100}\">\n\t\t\t<div class=\"elementor-widget-wrap elementor-element-populated\">\n\t\t\t\t\t\t<div class=\"elementor-element elementor-element-32664ba elementor-widget-tablet__width-initial elementor-widget elementor-widget-text-editor\" data-id=\"32664ba\" data-element_type=\"widget\" data-e-type=\"widget\" data-settings=\"{&quot;motion_fx_motion_fx_scrolling&quot;:&quot;yes&quot;,&quot;motion_fx_devices&quot;:[&quot;desktop&quot;,&quot;tablet&quot;,&quot;mobile&quot;]}\" data-widget_type=\"text-editor.default\">\n\t\t\t\t<div class=\"elementor-widget-container\">\n\t\t\t\t\t\t\t\t\t<p>Estel Green est\u00e1 enfocada en aplicar las tecnolog\u00edas m\u00e1s innovadoras para mejorar la sostenibilidad medioambiental en todo tipo de edificios e infraestructuras, aplicando mejoras que permitan a nuestros clientes cumplir con los Objetivos de Desarrollo Sostenible (ODS) marcados en la Agenda 2030:<\/p><p>-El aumento de la eficiencia energ\u00e9tica.<\/p><p>-La optimizaci\u00f3n del uso de recursos.<\/p><p>-La provisi\u00f3n de instalaciones de generaci\u00f3n de autoconsumo que se consigue mediante el uso de fuentes renovables.<\/p><p>\u00a0<\/p><p>-La minimizaci\u00f3n de las emisiones de di\u00f3xido de carbono y otros contaminantes nocivos para el medioambiente.<\/p><p>-La maximizaci\u00f3n de la valorizaci\u00f3n de residuos mediante su reutilizaci\u00f3n, su reciclaje o su aprovechamiento energ\u00e9tico.<\/p><p>Estamos colaborando con diferentes partners tecnol\u00f3gicos en la aplicaci\u00f3n de nuevas tecnolog\u00edas innovadoras, invirtiendo en I+D+i, con el objetivo de contribuir en la sostenibilidad medioambiental y potenciar la generaci\u00f3n y uso del hidr\u00f3geno como vector energ\u00e9tico.<\/p>\t\t\t\t\t\t\t\t<\/div>\n\t\t\t\t<\/div>\n\t\t\t\t\t<\/div>\n\t\t<\/div>\n\t\t\t\t\t<\/div>\n\t\t<\/section>\n\t\t\t\t<section class=\"elementor-section elementor-inner-section elementor-element elementor-element-d274f99 elementor-section-full_width elementor-section-height-default elementor-section-height-default\" data-id=\"d274f99\" data-element_type=\"section\" data-e-type=\"section\" data-settings=\"{&quot;background_background&quot;:&quot;classic&quot;}\">\n\t\t\t\t\t\t\t<div class=\"elementor-background-overlay\"><\/div>\n\t\t\t\t\t\t\t<div class=\"elementor-container elementor-column-gap-default\">\n\t\t\t\t\t<div class=\"elementor-column elementor-col-100 elementor-inner-column elementor-element elementor-element-41ef41e\" data-id=\"41ef41e\" data-element_type=\"column\" data-e-type=\"column\" data-settings=\"{&quot;background_background&quot;:&quot;gradient&quot;}\">\n\t\t\t<div class=\"elementor-widget-wrap elementor-element-populated\">\n\t\t\t\t\t<div class=\"elementor-background-overlay\"><\/div>\n\t\t\t\t\t\t<div class=\"elementor-element elementor-element-6b998bf elementor-widget__width-inherit elementor-absolute elementor-widget-tablet__width-inherit elementor-widget-mobile__width-inherit elementor-widget elementor-widget-spacer\" data-id=\"6b998bf\" data-element_type=\"widget\" data-e-type=\"widget\" data-settings=\"{&quot;_position&quot;:&quot;absolute&quot;}\" data-widget_type=\"spacer.default\">\n\t\t\t\t<div class=\"elementor-widget-container\">\n\t\t\t\t\t\t\t<div class=\"elementor-spacer\">\n\t\t\t<div class=\"elementor-spacer-inner\"><\/div>\n\t\t<\/div>\n\t\t\t\t\t\t<\/div>\n\t\t\t\t<\/div>\n\t\t\t\t\t<\/div>\n\t\t<\/div>\n\t\t\t\t\t<\/div>\n\t\t<\/section>\n\t\t\t\t\t<\/div>\n\t\t<\/div>\n\t\t\t\t\t<\/div>\n\t\t<\/section>\n\t\t\t\t<section class=\"elementor-section elementor-top-section elementor-element elementor-element-6f918a9 elementor-section-height-min-height elementor-section-stretched elementor-section-boxed elementor-section-height-default elementor-section-items-middle\" data-id=\"6f918a9\" data-element_type=\"section\" data-e-type=\"section\" data-settings=\"{&quot;background_background&quot;:&quot;gradient&quot;,&quot;stretch_section&quot;:&quot;section-stretched&quot;}\">\n\t\t\t\t\t\t<div class=\"elementor-container elementor-column-gap-default\">\n\t\t\t\t\t<div class=\"elementor-column elementor-col-100 elementor-top-column elementor-element elementor-element-314d6ca\" data-id=\"314d6ca\" data-element_type=\"column\" data-e-type=\"column\">\n\t\t\t<div class=\"elementor-widget-wrap elementor-element-populated\">\n\t\t\t\t\t\t<div class=\"elementor-element elementor-element-c839107 elementor-widget elementor-widget-video\" data-id=\"c839107\" data-element_type=\"widget\" data-e-type=\"widget\" data-settings=\"{&quot;youtube_url&quot;:&quot;https:\\\/\\\/youtu.be\\\/4H3wH1sk9Mw&quot;,&quot;loop&quot;:&quot;yes&quot;,&quot;show_image_overlay&quot;:&quot;yes&quot;,&quot;image_overlay&quot;:{&quot;url&quot;:&quot;https:\\\/\\\/esteling.com\\\/wp-content\\\/uploads\\\/2021\\\/07\\\/estel-green-video.jpg&quot;,&quot;id&quot;:13273,&quot;size&quot;:&quot;&quot;},&quot;video_type&quot;:&quot;youtube&quot;,&quot;controls&quot;:&quot;yes&quot;}\" data-widget_type=\"video.default\">\n\t\t\t\t<div class=\"elementor-widget-container\">\n\t\t\t\t\t\t\t<div class=\"elementor-wrapper elementor-open-inline\">\n\t\t\t<div class=\"elementor-video\"><\/div>\t\t\t\t<div class=\"elementor-custom-embed-image-overlay\" style=\"background-image: url(https:\/\/esteling.com\/wp-content\/uploads\/2021\/07\/estel-green-video.jpg);\">\n\t\t\t\t\t\t\t\t\t\t\t\t\t\t\t\t<div class=\"elementor-custom-embed-play\" role=\"button\" aria-label=\"Reproducir video\" tabindex=\"0\">\n\t\t\t\t\t\t\t<i aria-hidden=\"true\" class=\"eicon-play\"><\/i>\t\t\t\t\t\t<\/div>\n\t\t\t\t\t\t\t\t\t<\/div>\n\t\t\t\t\t<\/div>\n\t\t\t\t\t\t<\/div>\n\t\t\t\t<\/div>\n\t\t\t\t\t<\/div>\n\t\t<\/div>\n\t\t\t\t\t<\/div>\n\t\t<\/section>\n\t\t\t\t<section class=\"elementor-section elementor-top-section elementor-element elementor-element-66c97e3 elementor-section-boxed elementor-section-height-default elementor-section-height-default\" data-id=\"66c97e3\" data-element_type=\"section\" data-e-type=\"section\">\n\t\t\t\t\t\t<div class=\"elementor-container elementor-column-gap-default\">\n\t\t\t\t\t<div class=\"elementor-column elementor-col-100 elementor-top-column elementor-element elementor-element-ad9b99e\" data-id=\"ad9b99e\" data-element_type=\"column\" data-e-type=\"column\">\n\t\t\t<div class=\"elementor-widget-wrap elementor-element-populated\">\n\t\t\t\t\t\t<div class=\"elementor-element elementor-element-bccf6c5 elementor-widget elementor-widget-heading\" data-id=\"bccf6c5\" data-element_type=\"widget\" data-e-type=\"widget\" data-widget_type=\"heading.default\">\n\t\t\t\t<div class=\"elementor-widget-container\">\n\t\t\t\t\t<h3 class=\"elementor-heading-title elementor-size-default\">El viernes 1 de octubre de 2021 fue presentado por parte del Govern Balear, el documento \u201cEstrat\u00e9gia d\u2019inversions Illes Balears 2030\u201d, que define la hoja de ruta que deben afrontar las Illes Balears para garantizar un futuro de prosperidad. Os dejamos un resumen de este plan estrat\u00e9gico.<\/h3>\t\t\t\t<\/div>\n\t\t\t\t<\/div>\n\t\t\t\t<div class=\"elementor-element elementor-element-bf56f84 elementor-widget elementor-widget-image\" data-id=\"bf56f84\" data-element_type=\"widget\" data-e-type=\"widget\" data-widget_type=\"image.default\">\n\t\t\t\t<div class=\"elementor-widget-container\">\n\t\t\t\t\t\t\t\t\t\t\t\t\t\t\t<img loading=\"lazy\" decoding=\"async\" width=\"800\" height=\"378\" src=\"https:\/\/esteling.com\/wp-content\/uploads\/2021\/11\/Banner_IdentificacionProyectos_Web-1920x908.png\" class=\"attachment-large size-large wp-image-13927\" alt=\"\" srcset=\"https:\/\/esteling.com\/wp-content\/uploads\/2021\/11\/Banner_IdentificacionProyectos_Web-1920x908.png 1920w, https:\/\/esteling.com\/wp-content\/uploads\/2021\/11\/Banner_IdentificacionProyectos_Web-600x284.png 600w, https:\/\/esteling.com\/wp-content\/uploads\/2021\/11\/Banner_IdentificacionProyectos_Web-768x363.png 768w, https:\/\/esteling.com\/wp-content\/uploads\/2021\/11\/Banner_IdentificacionProyectos_Web-1536x726.png 1536w, https:\/\/esteling.com\/wp-content\/uploads\/2021\/11\/Banner_IdentificacionProyectos_Web.png 2020w\" sizes=\"(max-width: 800px) 100vw, 800px\" \/>\t\t\t\t\t\t\t\t\t\t\t\t\t\t\t<\/div>\n\t\t\t\t<\/div>\n\t\t\t\t<section class=\"elementor-section elementor-inner-section elementor-element elementor-element-113ef44 elementor-section-boxed elementor-section-height-default elementor-section-height-default\" data-id=\"113ef44\" data-element_type=\"section\" data-e-type=\"section\">\n\t\t\t\t\t\t<div class=\"elementor-container elementor-column-gap-wide\">\n\t\t\t\t\t<div class=\"elementor-column elementor-col-50 elementor-inner-column elementor-element elementor-element-896b5c5\" data-id=\"896b5c5\" data-element_type=\"column\" data-e-type=\"column\">\n\t\t\t<div class=\"elementor-widget-wrap elementor-element-populated\">\n\t\t\t\t\t\t<div class=\"elementor-element elementor-element-765a79b elementor-align-right elementor-widget elementor-widget-button\" data-id=\"765a79b\" data-element_type=\"widget\" data-e-type=\"widget\" data-widget_type=\"button.default\">\n\t\t\t\t<div class=\"elementor-widget-container\">\n\t\t\t\t\t\t\t\t\t<div class=\"elementor-button-wrapper\">\n\t\t\t\t\t<a class=\"elementor-button elementor-button-link elementor-size-md\" href=\"https:\/\/view.genial.ly\/617a709d4580170d52ef29b4\" target=\"_blank\" rel=\"noopener\">\n\t\t\t\t\t\t<span class=\"elementor-button-content-wrapper\">\n\t\t\t\t\t\t<span class=\"elementor-button-icon\">\n\t\t\t\t<i aria-hidden=\"true\" class=\"fas fa-eye\"><\/i>\t\t\t<\/span>\n\t\t\t\t\t\t\t\t<\/span>\n\t\t\t\t\t<\/a>\n\t\t\t\t<\/div>\n\t\t\t\t\t\t\t\t<\/div>\n\t\t\t\t<\/div>\n\t\t\t\t\t<\/div>\n\t\t<\/div>\n\t\t\t\t<div class=\"elementor-column elementor-col-50 elementor-inner-column elementor-element elementor-element-0f26777\" data-id=\"0f26777\" data-element_type=\"column\" data-e-type=\"column\">\n\t\t\t<div class=\"elementor-widget-wrap elementor-element-populated\">\n\t\t\t\t\t\t<div class=\"elementor-element elementor-element-94dbaa0 elementor-align-left elementor-widget elementor-widget-button\" data-id=\"94dbaa0\" data-element_type=\"widget\" data-e-type=\"widget\" data-widget_type=\"button.default\">\n\t\t\t\t<div class=\"elementor-widget-container\">\n\t\t\t\t\t\t\t\t\t<div class=\"elementor-button-wrapper\">\n\t\t\t\t\t<a class=\"elementor-button elementor-button-link elementor-size-md\" href=\"https:\/\/esteling.com\/wp-content\/uploads\/2021\/11\/EstelGreen_IdentificacionProyectos_EstrategiaInversions.pdf\" target=\"_blank\">\n\t\t\t\t\t\t<span class=\"elementor-button-content-wrapper\">\n\t\t\t\t\t\t<span class=\"elementor-button-icon\">\n\t\t\t\t<i aria-hidden=\"true\" class=\"far fa-arrow-alt-circle-down\"><\/i>\t\t\t<\/span>\n\t\t\t\t\t\t\t\t<\/span>\n\t\t\t\t\t<\/a>\n\t\t\t\t<\/div>\n\t\t\t\t\t\t\t\t<\/div>\n\t\t\t\t<\/div>\n\t\t\t\t\t<\/div>\n\t\t<\/div>\n\t\t\t\t\t<\/div>\n\t\t<\/section>\n\t\t\t\t\t<\/div>\n\t\t<\/div>\n\t\t\t\t\t<\/div>\n\t\t<\/section>\n\t\t\t\t<\/div>\n\t\t","protected":false},"excerpt":{"rendered":"<p>Tecnolog\u00eda y sostenibilidad Generaci\u00f3n renovable y optimizaci\u00f3n del uso de recursos ECONOM\u00cdA CIRCULAR DESCARBONIZACI\u00d3N I+D+i HIDR\u00d3GENO DEPURACI\u00d3N DE AGUA DESALACI\u00d3N DE AGUA EFICIENCIA ENERG\u00c9TICA Estel Green est\u00e1 enfocada en aplicar las tecnolog\u00edas m\u00e1s innovadoras para mejorar la sostenibilidad medioambiental en todo tipo de edificios e infraestructuras, aplicando mejoras que permitan a nuestros clientes cumplir con [&hellip;]<\/p>\n","protected":false},"author":1,"featured_media":0,"parent":0,"menu_order":0,"comment_status":"closed","ping_status":"closed","template":"elementor_header_footer","meta":{"footnotes":""},"class_list":["post-17453","page","type-page","status-publish","hentry"],"_links":{"self":[{"href":"https:\/\/esteling.com\/mx\/wp-json\/wp\/v2\/pages\/17453","targetHints":{"allow":["GET"]}}],"collection":[{"href":"https:\/\/esteling.com\/mx\/wp-json\/wp\/v2\/pages"}],"about":[{"href":"https:\/\/esteling.com\/mx\/wp-json\/wp\/v2\/types\/page"}],"author":[{"embeddable":true,"href":"https:\/\/esteling.com\/mx\/wp-json\/wp\/v2\/users\/1"}],"replies":[{"embeddable":true,"href":"https:\/\/esteling.com\/mx\/wp-json\/wp\/v2\/comments?post=17453"}],"version-history":[{"count":0,"href":"https:\/\/esteling.com\/mx\/wp-json\/wp\/v2\/pages\/17453\/revisions"}],"wp:attachment":[{"href":"https:\/\/esteling.com\/mx\/wp-json\/wp\/v2\/media?parent=17453"}],"curies":[{"name":"wp","href":"https:\/\/api.w.org\/{rel}","templated":true}]}}